{"id":2233,"date":"2026-01-19T15:24:14","date_gmt":"2026-01-19T14:24:14","guid":{"rendered":"https:\/\/auditoriolavallduixo.es\/aviso-legal\/"},"modified":"2026-04-23T23:28:39","modified_gmt":"2026-04-23T21:28:39","slug":"aviso-legal","status":"publish","type":"page","link":"https:\/\/auditoriolavallduixo.es\/es\/aviso-legal\/","title":{"rendered":"Aviso Legal"},"content":{"rendered":"\n<p><strong>CONDICIONES LEGALES DE COMPRA DE ENTRADAS \u201cON-LINE\u201d A TRAV\u00c9S DE LA WEB DE GTM<\/strong> <\/p>\n\n<p>Usted est\u00e1 formalizando una transacci\u00f3n comercial con <strong>GTM LA VAGUADA AIE &#8211; CIF: V22870125 (en adelante GTM)<\/strong>, domiciliada Av. de Monforte de Lemos, 36, Fuencarral-El Pardo, 28029, Madrid. Puede ponerse en contacto con nosotros a trav\u00e9s del email: <strong>gtmlavaguada@gmail.com<\/strong>   <\/p>\n\n<p>La venta de entradas se entiende realizada desde nuestro domicilio social y a trav\u00e9s de la web propiedad de <strong>GTM<\/strong>. La compra de una entrada implica la aceptaci\u00f3n de las condiciones generales en el momento de la compra. <\/p>\n\n<p>Las siguientes condiciones de compraventa tienen como finalidad establecer los t\u00e9rminos y explicar los detalles de la operaci\u00f3n de compra de entradas por parte de los usuarios que procedan a la adquisici\u00f3n por esta v\u00eda, as\u00ed como los derechos y obligaciones inherentes a la\/s entrada\/s objeto de compra.<\/p>\n\n<p><strong>1. CARACTER\u00cdSTICAS GENERALES<\/strong> <\/p>\n\n<p><strong>GTM<\/strong> ofrece a cualquier persona interesada la posibilidad de adquirir entradas a trav\u00e9s de Internet para asistir a los diferentes espect\u00e1culos que organice. Los usuarios de Internet que acceden a la web de <strong>GTM<\/strong> y, concretamente, a esta secci\u00f3n de compraventa de entradas, asumen voluntariamente y se obligan a respetar los t\u00e9rminos y condiciones del contrato de compraventa, a los que quedan sujetos, y que seguidamente se exponen. <\/p>\n\n<p><strong>2. FORMALIZACI\u00d3N DE LA COMPRAVENTA<\/strong> <\/p>\n\n<p>Desde el momento en que el usuario curse la orden de compra de una o m\u00e1s entradas ser\u00e1 denominado \u00abCOMPRADOR\u00bb, y quedar\u00e1 obligado como tal frente a <strong>GTM<\/strong> que ostentar\u00e1 la condici\u00f3n de vendedor. La compra realizada a trav\u00e9s de Internet por el COMPRADOR y que haya sido recibida por <strong>GTM<\/strong> tiene car\u00e1cter contractual vinculante. <\/p>\n\n<p>El COMPRADOR debe cumplimentar correcta y completamente los datos que se le requieren y se compromete a no introducir datos de terceros. La recepci\u00f3n de la orden de compra ser\u00e1 confirmada al COMPRADOR por <strong>GTM<\/strong>, por correo electr\u00f3nico, y desde ese momento quedar\u00e1 realizada la compraventa y obligadas ambas partes al cumplimiento de lo acordado. <\/p>\n\n<p><strong>3. CONDICIONES GENERALES QUE RIGEN LA COMPRAVENTA DE ENTRADAS A TRAV\u00c9S DE LA WEB DE GTM<\/strong> <\/p>\n\n<p>La adquisici\u00f3n de la\/s entrada\/s representa la aceptaci\u00f3n, por parte del COMPRADOR, de las siguientes Condiciones Generales:<\/p>\n\n<p>A) La entrada dispone de diferentes medidas de seguridad. No obstante, la Organizaci\u00f3n no garantiza su autenticidad si no ha sido adquirida en alguno de los puntos oficiales de venta. Toda entrada enmendada, rota, sospechosa de falsificaci\u00f3n o adquirida il\u00edcitamente autorizar\u00e1 a la Organizaci\u00f3n a privar el acceso a su portador. En estos casos, si no se le permite el acceso al recinto, la Organizaci\u00f3n declina toda responsabilidad. Es condici\u00f3n para la admisi\u00f3n disponer de la entrada completa y en buen estado. La entrada deber\u00e1 conservarse hasta la salida del recinto.     <\/p>\n\n<p>B) El n\u00ba de entradas (cuyo m\u00ednimo y m\u00e1ximo por COMPRADOR establecer\u00e1<strong> GTM<\/strong>), el precio y ubicaci\u00f3n de las mismas, ser\u00e1 escogido por el COMPRADOR en el proceso de compra y no podr\u00e1 modificarse una vez formalizada \u00e9sta.<\/p>\n\n<p>C) El medio de pago siempre estar\u00e1 asociado a una la tarjeta bancaria del COMPRADOR, siendo v\u00e1lida cualquier tipo de tarjeta: a t\u00edtulo enunciativo y no limitativo: VISA, MASTERCARD\u2026<\/p>\n\n<p>C) La compra de entradas a trav\u00e9s de la web oficial de <strong>GTM <\/strong>dispone de un servicio que permitir\u00e1 al comprador (i) enviar la entrada al m\u00f3vil a trav\u00e9s de passbook o passwallet dependiendo del tipo de m\u00f3vil, siendo imprescindible que este sea un smarphone. (ii) imprimir la entrada en el mismo momento de finalizaci\u00f3n del proceso de compra (descargando un archivo pdf) o bien, (iii) guardar el archivo en el ordenador para la posterior impresi\u00f3n. En situaciones excepcionales, por motivos t\u00e9cnicos y\/o de seguridad, este servicio podr\u00eda estar desactivado, en cuyo caso, el COMPRADOR deber\u00e1 presentarse en las taquillas del recinto donde se celebre el espect\u00e1culo, con una antelaci\u00f3n m\u00ednima de 1 hora antes del evento, para la recogida de la\/s entrada\/s. Para proceder a la recogida, el COMPRADOR deber\u00e1 presentar en las taquillas:     <\/p>\n\n<p>* El localizador de la compra que el COMPRADOR podr\u00e1 obtener al finalizar la compra o en el correo de confirmaci\u00f3n de compra que reciba de <strong>GTM<\/strong> <\/p>\n\n<p>* El email de confirmaci\u00f3n de compra enviado por correo electr\u00f3nico.<\/p>\n\n<p>* La tarjeta de cr\u00e9dito \/ d\u00e9bito con la cual realiz\u00f3 la compra.<\/p>\n\n<p>* El DNI\/ pasaporte del titular de dicha tarjeta de cr\u00e9dito \/d\u00e9bito<\/p>\n\n<p>D) Una vez adquirida la entrada, \u00fanicamente se cambiar\u00e1 o se devolver\u00e1 su importe en caso de cancelaci\u00f3n del evento, en cuyo caso el adquirente podr\u00e1 solicitar el reembolso en el plazo de quince d\u00edas desde la fecha de la comunicaci\u00f3n p\u00fablica de la cancelaci\u00f3n, en la forma especificada por <strong>GTM<\/strong>, y presentando, en todo caso, justificante de compra. En cualquier caso de devoluci\u00f3n, <strong>GTM <\/strong>\u00fanicamente reembolsar\u00e1 el importe de la entrada no siendo responsable de cualquier otro gasto tales como, a modo de ejemplo y con car\u00e1cter meramente enunciativo, hoteles, viajes, comidas, dietas, etc. <\/p>\n\n<p>El transcurso del plazo establecido en el p\u00e1rrafo anterior sin que el COMPRADOR haya solicitado la devoluci\u00f3n del importe correspondiente a las compras efectuadas, se entender\u00e1 como la renuncia por parte de \u00e9ste a la devoluci\u00f3n de los importes que, en su caso, pudieran corresponderles. En ning\u00fan caso proceder\u00e1 devoluci\u00f3n alguna m\u00e1s all\u00e1 de los plazos establecidos. <\/p>\n\n<p>La imposibilidad del COMPRADOR de asistir al espect\u00e1culo por causas ajenas a <strong>GTM<\/strong> y\/o el error al realizar la adquisici\u00f3n no ser\u00e1n motivos v\u00e1lidos para solicitar la devoluci\u00f3n del importe del precio de las entradas.<\/p>\n\n<p>E) <strong>GTM<\/strong> se reserva el derecho de modificar, si las circunstancias lo exigen, las fechas, los horarios, los programas o los int\u00e9rpretes anunciados, y tambi\u00e9n decretar la suspensi\u00f3n del espect\u00e1culo, poniendo todos los medios a su alcance para comunicar al COMPRADOR, con toda la antelaci\u00f3n posible, tales cambios.<\/p>\n\n<p><strong>4. CONDICIONES DE ACCESO Y ESTANCIA EN LAS INSTALACIONES DEL ESPECT\u00c1CULO<\/strong> <\/p>\n\n<p>A) <strong>GTM<\/strong> se reserva siempre el derecho de admisi\u00f3n. La edad m\u00ednima legal de acceso ser\u00e1 la establecida para cada tipo de evento. <\/p>\n\n<p>B) Por razones de seguridad, en el momento de acceder al recinto, los asistentes pueden ser registrados no permiti\u00e9ndose, en ning\u00fan caso, la entrada de objetos que puedan ser considerados peligrosos o que est\u00e9n prohibidos por la normativa vigente de seguridad en espect\u00e1culos p\u00fablicos. Quedan terminantemente prohibidas, y por tanto, legitimar\u00e1n la prohibici\u00f3n de acceso, las siguientes conductas: <\/p>\n\n<p>&#8211; La introducci\u00f3n de bebidas alcoh\u00f3licas, armas, instrumentos susceptibles de ser utilizados como tales, bengalas, fuegos de artificio u objetos an\u00e1logos.<\/p>\n\n<p>&#8211; La introducci\u00f3n y exhibici\u00f3n de pancartas, s\u00edmbolos, emblemas o leyendas que impliquen incitaci\u00f3n a la violencia.<\/p>\n\n<p>&#8211; Encontrarse bajo los efectos de bebidas alcoh\u00f3licas, estupefacientes, psicotr\u00f3picos o substancias an\u00e1logas.<\/p>\n\n<p>C) <strong>GTM<\/strong> podr\u00e1 negar el acceso o expulsar del recinto al portador de la entrada en caso de incumplimiento de las presentes condiciones o bien en caso de desatender las indicaciones efectuadas por el personal de la organizaci\u00f3n o personal del recinto.<\/p>\n\n<p>La denegaci\u00f3n del acceso o expulsi\u00f3n tambi\u00e9n se podr\u00e1n llevar a cabo en el caso de que, racionalmente, pueda preverse que su permanencia en el recinto suponga una situaci\u00f3n de riesgo o peligro para el propio portador o para los otros asistentes al evento, responsabiliz\u00e1ndose personalmente al portador, en todos los casos, por sus propias acciones y omisiones cuando \u00e9stas provoquen lesiones a terceros o da\u00f1os en materiales.<\/p>\n\n<p>D) <strong>GTM<\/strong> se reserva todos los derechos de imagen y de propiedad intelectual del espect\u00e1culo. Se proh\u00edbe hacer fotograf\u00edas, con o sin flash, filmar o registrar. El portador de la entrada reconoce que podr\u00e1 aparecer en im\u00e1genes tomadas dentro de los recintos por diferentes medios para su posterior difusi\u00f3n informativa o promocional, y autoriza dicho uso.  <\/p>\n\n<p>Si existe video vigilancia en el acceso le informamos que su imagen pasar\u00e1 a formar parte de un fichero responsabilidad del organizador con la finalidad de control de accesos y seguridad del evento, as\u00ed como resoluci\u00f3n de cualquier incidencia. Tiene derecho a ejercitar respecto al tratamiento de sus datos el derecho de acceso, rectificaci\u00f3n, cancelaci\u00f3n y oposici\u00f3n a los mismos ante <strong>GTM<\/strong>. <\/p>\n\n<p><strong>5. DEL USO DE LAS ENTRADAS ADQUIRIDAS<\/strong> <\/p>\n\n<p>A) La\/s entrada\/s adquiridas en esta web deben ser custodiadas hasta el d\u00eda del evento como si fuera dinero en met\u00e1lico. El COMPRADOR de la entrada o la persona a nombre de la cual se personaliza la entrada, asume toda responsabilidad en caso de duplicidad, fotocopia o falsificaci\u00f3n de la misma, perdiendo todos los derechos que \u00e9sta le otorga para poder acceder al recinto. <\/p>\n\n<p>B) <strong>GTM<\/strong> no se hace responsable de ninguna p\u00e9rdida o robo de entradas. As\u00ed como tampoco de ninguna pertenencia personal. <\/p>\n\n<p>D) La adquisici\u00f3n de entradas no otorga al COMPRADOR el derecho a utilizar la misma, o su contenido, con finalidades publicitarias, de marketing o de promoci\u00f3n (incluidos los concursos, regalos y\/o sorteos), si no es con consentimiento expreso y escrito de <strong>GTM<\/strong>. El incumplimiento de esta prohibici\u00f3n legitimar\u00e1 a <strong>GTM<\/strong> para la inutilizaci\u00f3n de la\/s entrada\/s y el inicio de cuantas acciones legales considere oportunas para la reclamaci\u00f3n de los da\u00f1os y perjuicios que tal conducta haya podido ocasionar a <strong>GTM<\/strong>. <\/p>\n\n<p><strong>6. ENLACES A TERCEROS<\/strong> <\/p>\n\n<p><strong>GTM<\/strong> no asume responsabilidad alguna derivada de los enlaces (links) que posibiliten, a trav\u00e9s del Sitio Web, el acceso al Usuario a prestaciones y servicios ofrecidos por terceros, siempre que sean ajenos al Sitio Web. Por tanto, no se hace responsable ni de la informaci\u00f3n contenida en los mismos ni de cualesquiera efectos que pudieran derivarse de dicha informaci\u00f3n. Asimismo, <strong>GTM <\/strong>se reserva el derecho a retirar, de manera unilateral y sin previo aviso, los enlaces que aparecen en el Sitio Web.  <\/p>\n\n<p>Si cualquier Usuario o tercero observara que tales enlaces puedan ser contrarios a las leyes, la moral o el orden p\u00fablico, deber\u00e1 informar a <strong>GTM<\/strong> a trav\u00e9s de la direcci\u00f3n de correo electr\u00f3nico <strong>gtmlavaguada@gmail.com <\/strong>propiedad de <strong>GTM<\/strong>.<\/p>\n\n<p><strong>7. CIERRE DE CUENTA DE USUARIO Y SUSPENSI\u00d3N DEL SERVICIO<\/strong> <\/p>\n\n<p><strong>GTM<\/strong> se reserva el derecho de admisi\u00f3n y de exclusi\u00f3n del Sitio Web. Cualquier Usuario que no cumpla las normas anteriormente descritas podr\u00e1 ser excluido del Sitio Web. <\/p>\n\n<p>Asimismo, <strong>GTM<\/strong>, podr\u00e1 retirar o suspender en cualquier momento y sin necesidad de aviso previo la prestaci\u00f3n de los Servicios a aquellos Usuarios que incumplan lo establecido en los T\u00e9rminos y Condiciones.<\/p>\n\n<p><strong>8. MODIFICACIONES A LAS CONDICIONES DE USO<\/strong> <\/p>\n\n<p><strong>GTM<\/strong> se reserva el derecho de modificar las presentes Condiciones de Uso de acuerdo con la legislaci\u00f3n aplicable en cada momento, de lo que informar\u00e1 debidamente en el Sitio Web, por lo que recomienda al Usuario que las revise peri\u00f3dicamente para estar informado de c\u00f3mo <strong>GTM <\/strong>protege su informaci\u00f3n.<\/p>\n\n<p><strong>9. POL\u00cdTICA DE CAMBIOS Y DEVOLUCIONES<\/strong> <\/p>\n\n<ul class=\"wp-block-list\">\n<li>No se admitir\u00e1n cambios o devoluciones de las entradas, excepto en caso de cancelaci\u00f3n del Evento.<\/li>\n\n\n\n<li>La imposibilidad de asistir a un evento o espect\u00e1culo o un error al realizar la compra de la\/s entrada\/s (por haber introducido incorrectamente el correo electr\u00f3nico en el proceso de compra, por ejemplo) no son motivos que permitan su devoluci\u00f3n.<\/li>\n\n\n\n<li>De acuerdo con la normativa vigente en materia de consumo y de ordenaci\u00f3n del comercio minorista, el Comprador no podr\u00e1 ejercitar el derecho de desistimiento ni de resoluci\u00f3n.<\/li>\n\n\n\n<li>Las malas condiciones climatol\u00f3gicas no dan derecho a devoluci\u00f3n de la entrada o del Precio de la misma.<\/li>\n\n\n\n<li>Ante cualquier cancelaci\u00f3n o cambio que se produzca en un Evento, <strong>GTM<\/strong> se compromete a (i) publicarlo en el Sitio Web en la secci\u00f3n del Evento en cuanto el Organizador le haya informado, y (ii) enviar un correo electr\u00f3nico al Comprador a la direcci\u00f3n que haya indicado en el Formulario de Registro inform\u00e1ndole acerca de dicha cancelaci\u00f3n o cambio.  <\/li>\n\n\n\n<li>Las cancelaciones de Eventos o cambios que se produzcan con posterioridad a la recepci\u00f3n por parte del Comprador de la Confirmaci\u00f3n de Compra de la\/s entrada\/s, tales como cambio de fecha, local, artistas, competen \u00fanica y exclusivamente al Organizador, por lo que <strong>GTM<\/strong>, como distribuidor de las entradas, \u00fanica y exclusivamente podr\u00e1 proceder a la cancelaci\u00f3n de las entradas y, por tanto, a la devoluci\u00f3n del Precio cuando reciba orden expresa del Organizador del Evento.<\/li>\n\n\n\n<li>En el caso de que el Organizador decida proceder a la devoluci\u00f3n del Precio, \u00e9ste ser\u00e1 reembolsado por <strong>GTM<\/strong> en el mismo medio de pago utilizado para la compra, dentro del plazo de quince (15) d\u00edas h\u00e1biles desde la fecha de la comunicaci\u00f3n p\u00fablica de la cancelaci\u00f3n del Evento.<\/li>\n<\/ul>\n\n<p><strong>  10. INDEMNIZACI\u00d3N<\/strong> <\/p>\n\n<p>Usted acuerda asumir tal responsabilidad e indemnizaci\u00f3n en relaci\u00f3n con toda reclamaci\u00f3n, responsabilidad, da\u00f1o, p\u00e9rdida, coste y gastos, incluidos los gastos legales, en que incurramos y que surjan de cualquier incumplimiento por su parte o cualquier otra responsabilidad en que incurramos en relaci\u00f3n con el uso que usted haga de la p\u00e1gina web o el uso que haga otra persona que acceda a la p\u00e1gina web mediante su ordenador o su cuenta de acceso a internet.<\/p>\n\n<p><strong>11. DATOS PERSONALES Y POL\u00cdTICA DE PRIVACIDAD<\/strong> <\/p>\n\n<p>En cumplimiento de la normativa vigente en materia de protecci\u00f3n de datos personales, los datos de los usuarios que accedan este portal y adquieran unas entradas, se incorporar\u00e1n a un fichero automatizado del que <strong>GTM<\/strong> con el domicilio arriba mencionado, es responsable.<\/p>\n\n<p>La incorporaci\u00f3n de tales datos al fichero en cuesti\u00f3n se efectuar\u00e1 para poder llevar a cabo la gesti\u00f3n y seguimiento de la compraventa del espect\u00e1culo para el que fueron adquiridas las entradas. <strong>GTM<\/strong> podr\u00e1 utilizar estos datos para comunicar al comprador informaci\u00f3n de su inter\u00e9s sobre el espect\u00e1culo adquirido o sobre otros espect\u00e1culos futuros.<\/p>\n\n<p>Recordamos al COMPRADOR su derecho de acceder, rectificar, cancelar y oponerse al tratamiento de sus datos mediante comunicaci\u00f3n escrita a la direcci\u00f3n postal a <strong>GTM<\/strong> a la direcci\u00f3n o email arriba mencionados<\/p>\n\n<p><strong>12. PROPIEDAD INTELECTUAL E INDUSTRIAL<\/strong> <\/p>\n\n<p><strong>GTM<\/strong> es titular o licenciataria de todos los derechos de propiedad intelectual e industrial incluidos en su sitio web, as\u00ed como de los contenidos accesibles a trav\u00e9s del mismo.<\/p>\n\n<p>La autorizaci\u00f3n al usuario para el acceso al Sitio Web no supone renuncia, transmisi\u00f3n, licencia o cesi\u00f3n total ni parcial sobre derechos de propiedad intelectual o industrial por parte de <strong>GTM<\/strong>, por lo que queda terminantemente prohibido su uso por terceros.<\/p>\n\n<p>Los derechos de propiedad intelectual e industrial del Sitio Web, as\u00ed como los textos, im\u00e1genes, dise\u00f1o gr\u00e1fico, estructura de navegaci\u00f3n, informaci\u00f3n y contenidos que se recogen en el mismo son o bien titularidad de <strong>GTM<\/strong> o bien ostenta sobre los mismos los derechos de explotaci\u00f3n necesarios, en cualquier forma y, en especial, los derechos de reproducci\u00f3n, distribuci\u00f3n, comunicaci\u00f3n p\u00fablica y transformaci\u00f3n, de conformidad con la legislaci\u00f3n espa\u00f1ola de derechos de propiedad intelectual e industrial. Los Organizadores garantizan que le han sido debidamente cedidos o que ostentan la titularidad de todos los derechos de propiedad intelectual e industrial asociados a los contenidos que incluya en cada uno de los Eventos que cree y publique en el Sitio Web y, al objeto de promocionar los mismos en el Sitio Web, cede a <strong>GTM<\/strong> todos los derechos de explotaci\u00f3n de dichos derechos de propiedad intelectual e industrial. La cesi\u00f3n descrita se considerar\u00e1 realizada para todo el mundo y sin l\u00edmite temporal.  <\/p>\n\n<p><strong>13. LEGISLACI\u00d3N APLICABLE Y JURISDICCI\u00d3N<\/strong> <\/p>\n\n<p>A la compraventa de entradas que se lleva a cabo a trav\u00e9s de este Sitio Web le resulta de aplicaci\u00f3n la legislaci\u00f3n espa\u00f1ola.<\/p>\n\n<p>Para cualquier controversia que pueda surgir en la ejecuci\u00f3n de la compraventa, las partes se someten a la jurisdicci\u00f3n de los Juzgados y Tribunales de Las Palmas ciudad, con renuncia a cualquier otro fuero que pudiere corresponderles.<\/p>\n\n<p><\/p>\n","protected":false},"excerpt":{"rendered":"<p>CONDICIONES LEGALES DE COMPRA DE ENTRADAS \u201cON-LINE\u201d A TRAV\u00c9S DE LA WEB DE GTM Usted est\u00e1 formalizando una transacci\u00f3n comercial con GTM LA VAGUADA AIE &#8211; CIF: V22870125 (en adelante GTM), domiciliada Av. de Monforte de Lemos, 36, Fuencarral-El Pardo, 28029, Madrid. Puede ponerse en contacto con nosotros a trav\u00e9s del email: gtmlavaguada@gmail.com La venta [&hellip;]<\/p>\n","protected":false},"author":4,"featured_media":0,"parent":0,"menu_order":0,"comment_status":"closed","ping_status":"closed","template":"","meta":{"footnotes":""},"class_list":["post-2233","page","type-page","status-publish","hentry"],"_links":{"self":[{"href":"https:\/\/auditoriolavallduixo.es\/es\/wp-json\/wp\/v2\/pages\/2233","targetHints":{"allow":["GET"]}}],"collection":[{"href":"https:\/\/auditoriolavallduixo.es\/es\/wp-json\/wp\/v2\/pages"}],"about":[{"href":"https:\/\/auditoriolavallduixo.es\/es\/wp-json\/wp\/v2\/types\/page"}],"author":[{"embeddable":true,"href":"https:\/\/auditoriolavallduixo.es\/es\/wp-json\/wp\/v2\/users\/4"}],"replies":[{"embeddable":true,"href":"https:\/\/auditoriolavallduixo.es\/es\/wp-json\/wp\/v2\/comments?post=2233"}],"version-history":[{"count":1,"href":"https:\/\/auditoriolavallduixo.es\/es\/wp-json\/wp\/v2\/pages\/2233\/revisions"}],"predecessor-version":[{"id":2234,"href":"https:\/\/auditoriolavallduixo.es\/es\/wp-json\/wp\/v2\/pages\/2233\/revisions\/2234"}],"wp:attachment":[{"href":"https:\/\/auditoriolavallduixo.es\/es\/wp-json\/wp\/v2\/media?parent=2233"}],"curies":[{"name":"wp","href":"https:\/\/api.w.org\/{rel}","templated":true}]}}